{"id":179,"date":"2025-11-29T02:48:40","date_gmt":"2025-11-29T02:48:40","guid":{"rendered":"https:\/\/luxurycigarsandaccessories.com\/?post_type=product&#038;p=179"},"modified":"2026-01-30T01:48:54","modified_gmt":"2026-01-30T01:48:54","slug":"davidoff-robusto-selection","status":"publish","type":"product","link":"https:\/\/luxurycigarsandaccessories.com\/tr\/product\/davidoff-robusto-selection\/","title":{"rendered":"Davidoff Robusto Se\u00e7im Kutusu"},"content":{"rendered":"<p data-start=\"1750\" data-end=\"2099\">The <a href=\"https:\/\/luxurycigarsandaccessories.com\/tr\/product\/davidoff-robusto-selection-box\/\">Davidoff Robusto Se\u00e7im Kutusu<\/a> Davidoff Robusto purolar\u0131n\u0131n d\u00fcnyas\u0131na, dengeyi, karma\u015f\u0131kl\u0131\u011f\u0131 ve kusursuz ustal\u0131\u011f\u0131 takdir eden merakl\u0131lar i\u00e7in haz\u0131rlanm\u0131\u015f sofistike bir giri\u015f. <a href=\"https:\/\/luxurycigarsandaccessories.com\/tr\/product\/davidoff-robusto-selection-box\/\">premium puro se\u00e7kisi<\/a> her biri Davidoff\u2019un imza inceli\u011fini ve tutarl\u0131l\u0131\u011f\u0131n\u0131 sergileyen, ustaca harmanlanm\u0131\u015f Robusto formatlar\u0131n\u0131 bir araya getirir.<\/p>\n<p data-start=\"2101\" data-end=\"2420\">Robusto boyutunun \u00e7ok y\u00f6nl\u00fcl\u00fc\u011f\u00fcn\u00fc vurgulamak i\u00e7in tasarland\u0131, <a href=\"https:\/\/luxurycigarsandaccessories.com\/tr\/\">Davidoff Robusto Se\u00e7im Kutusu<\/a> \u00f6l\u00e7\u00fcl\u00fc g\u00fcc\u00fc, rafine aromalar\u0131 ve yumu\u015fak ge\u00e7i\u015fleri ile uyumlu bir sigara deneyimi sunar. Her puro, \u00f6zenle se\u00e7ilmi\u015f t\u00fct\u00fcnler ve titiz bir yap\u0131m s\u00fcreci kullanarak Davidoff\u2019un kaliteye olan ba\u011fl\u0131l\u0131\u011f\u0131n\u0131 yans\u0131t\u0131r.<\/p>\n<p data-start=\"2422\" data-end=\"2711\">\u015e\u0131k bir kutuda sunulmu\u015f, bu <a href=\"https:\/\/luxurycigarsandaccessories.com\/tr\/product\/davidoff-robusto-selection-box\/\">l\u00fcks puro se\u00e7kisi<\/a> hem deneyimli uzmanlar hem de Davidoff'un \u00fcnl\u00fc kar\u0131\u015f\u0131mlar\u0131n\u0131 ke\u015ffedenler i\u00e7in idealdir. \u0130ster tek ba\u015f\u0131na tad\u0131n\u0131 \u00e7\u0131kar\u0131n, ister \u00f6zel anlarda payla\u015f\u0131n, bu se\u00e7ki arac\u0131l\u0131\u011f\u0131yla ince bir yolculuk sunar <a href=\"https:\/\/luxurycigarsandaccessories.com\/tr\/product\/davidoff-robusto-selection-box\/\">Davidoff'un ustal\u0131\u011f\u0131<\/a>.<\/p>\n<p data-start=\"2713\" data-end=\"2965\">Hediye olarak veya ki\u015fisel keyif i\u00e7in m\u00fckemmel olan Davidoff Robusto Se\u00e7im Kutusu, sofistike, tutarl\u0131 ve zamans\u0131z puro keyfini temsil eder. Premium puro aksesuarlar\u0131yla kusursuz bir \u015fekilde e\u015fle\u015fir ve herhangi bir humidor i\u00e7in se\u00e7kin bir ek olu\u015fturur.<\/p>","protected":false},"excerpt":{"rendered":"<p>Davidoff Robusto Se\u00e7im Kutusu, se\u00e7kin Davidoff lezzet profillerini ke\u015ffetmek i\u00e7in ideal olan premium Robusto purolar\u0131ndan \u00f6zenle se\u00e7ilmi\u015f bir \u00e7e\u015fit sunar.<\/p>","protected":false},"featured_media":182,"comment_status":"open","ping_status":"closed","template":"","meta":[],"product_brand":[43,172],"product_cat":[42,143,174],"product_tag":[],"class_list":{"0":"post-179","1":"product","2":"type-product","3":"status-publish","4":"has-post-thumbnail","6":"product_brand-davidoff-limited-edition","7":"product_brand-gift-sets","8":"product_cat-davidoff-limited-edition","9":"product_cat-davidoff-samplers","10":"product_cat-gift-sets","12":"first","13":"instock","14":"shipping-taxable","15":"purchasable","16":"product-type-simple"},"_links":{"self":[{"href":"https:\/\/luxurycigarsandaccessories.com\/tr\/wp-json\/wp\/v2\/product\/179","targetHints":{"allow":["GET"]}}],"collection":[{"href":"https:\/\/luxurycigarsandaccessories.com\/tr\/wp-json\/wp\/v2\/product"}],"about":[{"href":"https:\/\/luxurycigarsandaccessories.com\/tr\/wp-json\/wp\/v2\/types\/product"}],"replies":[{"embeddable":true,"href":"https:\/\/luxurycigarsandaccessories.com\/tr\/wp-json\/wp\/v2\/comments?post=179"}],"version-history":[{"count":3,"href":"https:\/\/luxurycigarsandaccessories.com\/tr\/wp-json\/wp\/v2\/product\/179\/revisions"}],"predecessor-version":[{"id":3323,"href":"https:\/\/luxurycigarsandaccessories.com\/tr\/wp-json\/wp\/v2\/product\/179\/revisions\/3323"}],"wp:featuredmedia":[{"embeddable":true,"href":"https:\/\/luxurycigarsandaccessories.com\/tr\/wp-json\/wp\/v2\/media\/182"}],"wp:attachment":[{"href":"https:\/\/luxurycigarsandaccessories.com\/tr\/wp-json\/wp\/v2\/media?parent=179"}],"wp:term":[{"taxonomy":"product_brand","embeddable":true,"href":"https:\/\/luxurycigarsandaccessories.com\/tr\/wp-json\/wp\/v2\/product_brand?post=179"},{"taxonomy":"product_cat","embeddable":true,"href":"https:\/\/luxurycigarsandaccessories.com\/tr\/wp-json\/wp\/v2\/product_cat?post=179"},{"taxonomy":"product_tag","embeddable":true,"href":"https:\/\/luxurycigarsandaccessories.com\/tr\/wp-json\/wp\/v2\/product_tag?post=179"}],"curies":[{"name":"wp","href":"https:\/\/api.w.org\/{rel}","templated":true}]}}