{"id":362,"date":"2025-12-01T12:07:25","date_gmt":"2025-12-01T12:07:25","guid":{"rendered":"https:\/\/luxurycigarsandaccessories.com\/?post_type=product&#038;p=362"},"modified":"2026-04-06T22:35:20","modified_gmt":"2026-04-06T22:35:20","slug":"davidoff-demi-tasse","status":"publish","type":"product","link":"https:\/\/luxurycigarsandaccessories.com\/tr\/product\/davidoff-demi-tasse\/","title":{"rendered":"Davidoff Yar\u0131m Kupas\u0131"},"content":{"rendered":"<p data-start=\"1285\" data-end=\"1643\">The <a href=\"https:\/\/luxurycigarsandaccessories.com\/tr\/product\/davidoff-demi-tasse\/\">Davidoff Half Cup Premium El Yap\u0131m\u0131 Puro<\/a> ince i\u015flenmi\u015f, zarif aromay\u0131 ve \u015f\u0131kl\u0131\u011f\u0131 kompakt bir formatta arayan merakl\u0131lar i\u00e7in tasarlanm\u0131\u015f g\u00fczel bir miniature purodur. \u00d6zenle ya\u015fland\u0131r\u0131lm\u0131\u015f uzun dolgu t\u00fct\u00fcnleri kullan\u0131larak ustal\u0131kla elde yap\u0131lm\u0131\u015f ve ipeksi Ekvador sarg\u0131s\u0131 ile tamamlanm\u0131\u015f olan Demi-Tasse, p\u00fcr\u00fczs\u00fcz, kremams\u0131 ve dengeli bir sigara deneyimi sunar.<\/p>\n<p data-start=\"1645\" data-end=\"1983\">From the first draw, the <a href=\"https:\/\/luxurycigarsandaccessories.com\/tr\/product\/davidoff-demi-tasse\/\">Davidoff Yar\u0131m Kupas\u0131<\/a> reveals delicate notes of cedar, toasted nuts, and light cream, accented by subtle white pepper and gentle natural sweetness. Its mild strength and precise construction make this mini cigar ideal for short, luxurious moments of indulgence without compromising on flavour or satisfaction.<\/p>\n<p data-start=\"1985\" data-end=\"2253\">E\u015fit bir yanma ve zahmetsiz bir \u00e7eki\u015f sa\u011flamak i\u00e7in ustal\u0131kla sar\u0131lm\u0131\u015f, <a href=\"https:\/\/luxurycigarsandaccessories.com\/tr\/product\/davidoff-demi-tasse\/\">L\u00fcks Yar\u0131m Fincan Puro<\/a> Espresso molalar\u0131, g\u00fcnl\u00fck \u00f6\u011fleden sonra keyfi veya g\u00fczel bir i\u00e7ece\u011fe zarif bir tamamlay\u0131c\u0131 olarak m\u00fckemmeldir. K\u00fc\u00e7\u00fck boyutu ve \u015f\u0131k sunumu, onu ideal bir hediye veya seyahat arkada\u015f\u0131 yapar.<\/p>\n<p data-start=\"2255\" data-end=\"2471\">The <a href=\"https:\/\/luxurycigarsandaccessories.com\/tr\/product\/davidoff-demi-tasse\/\">Davidoff Yar\u0131m Fincan Premium Mini Puro<\/a> kusursuz el i\u015f\u00e7ili\u011fini, sade l\u00fcks\u00fc ve saf keyif anlar\u0131 i\u00e7in m\u00fckemmel dengelenmi\u015f bir duman\u0131 temsil eder.<\/p>","protected":false},"excerpt":{"rendered":"<p data-start=\"2509\" data-end=\"2639\">Kremams\u0131 sedir, kavrulmu\u015f kuruyemi\u015fler, hafif baharat ve zarif kompakt bir formatta ince bir tatl\u0131l\u0131k sunan, premium el yap\u0131m\u0131 mini puro.<\/p>","protected":false},"featured_media":366,"comment_status":"open","ping_status":"closed","template":"","meta":[],"product_brand":[29],"product_cat":[28],"product_tag":[],"class_list":{"0":"post-362","1":"product","2":"type-product","3":"status-publish","4":"has-post-thumbnail","6":"product_brand-nicaragua","7":"product_cat-nicaragua","9":"first","10":"instock","11":"shipping-taxable","12":"purchasable","13":"product-type-variable"},"_links":{"self":[{"href":"https:\/\/luxurycigarsandaccessories.com\/tr\/wp-json\/wp\/v2\/product\/362","targetHints":{"allow":["GET"]}}],"collection":[{"href":"https:\/\/luxurycigarsandaccessories.com\/tr\/wp-json\/wp\/v2\/product"}],"about":[{"href":"https:\/\/luxurycigarsandaccessories.com\/tr\/wp-json\/wp\/v2\/types\/product"}],"replies":[{"embeddable":true,"href":"https:\/\/luxurycigarsandaccessories.com\/tr\/wp-json\/wp\/v2\/comments?post=362"}],"version-history":[{"count":2,"href":"https:\/\/luxurycigarsandaccessories.com\/tr\/wp-json\/wp\/v2\/product\/362\/revisions"}],"predecessor-version":[{"id":3577,"href":"https:\/\/luxurycigarsandaccessories.com\/tr\/wp-json\/wp\/v2\/product\/362\/revisions\/3577"}],"wp:featuredmedia":[{"embeddable":true,"href":"https:\/\/luxurycigarsandaccessories.com\/tr\/wp-json\/wp\/v2\/media\/366"}],"wp:attachment":[{"href":"https:\/\/luxurycigarsandaccessories.com\/tr\/wp-json\/wp\/v2\/media?parent=362"}],"wp:term":[{"taxonomy":"product_brand","embeddable":true,"href":"https:\/\/luxurycigarsandaccessories.com\/tr\/wp-json\/wp\/v2\/product_brand?post=362"},{"taxonomy":"product_cat","embeddable":true,"href":"https:\/\/luxurycigarsandaccessories.com\/tr\/wp-json\/wp\/v2\/product_cat?post=362"},{"taxonomy":"product_tag","embeddable":true,"href":"https:\/\/luxurycigarsandaccessories.com\/tr\/wp-json\/wp\/v2\/product_tag?post=362"}],"curies":[{"name":"wp","href":"https:\/\/api.w.org\/{rel}","templated":true}]}}