{"id":92,"date":"2025-11-29T01:59:11","date_gmt":"2025-11-29T01:59:11","guid":{"rendered":"https:\/\/luxurycigarsandaccessories.com\/?post_type=product&#038;p=92"},"modified":"2026-03-25T15:14:04","modified_gmt":"2026-03-25T15:14:04","slug":"aniversario-1-2023-ltd-edit","status":"publish","type":"product","link":"https:\/\/luxurycigarsandaccessories.com\/tr\/product\/aniversario-1-2023-ltd-edit\/","title":{"rendered":"Y\u0131ld\u00f6n\u00fcm\u00fc No. 1 2023 S\u0131n\u0131rl\u0131 \u00dcretim"},"content":{"rendered":"<p data-start=\"1908\" data-end=\"2224\">The <a href=\"https:\/\/luxurycigarsandaccessories.com\/tr\/product\/aniversario-no-1-2023-limited-edition\/\">Y\u0131ld\u00f6n\u00fcm\u00fc No. 1 2023 S\u0131n\u0131rl\u0131 \u00dcretim<\/a> nadirlik ve inceli\u011fi takdir eden koleksiyoncular ve merakl\u0131lar i\u00e7in yarat\u0131lm\u0131\u015f, puro sanat\u0131n\u0131n se\u00e7kin bir kutlamas\u0131d\u0131r. \u00d6zel bir y\u0131l d\u00f6n\u00fcm\u00fc ifadesi olarak sunulmu\u015ftur, bu <a href=\"https:\/\/luxurycigarsandaccessories.com\/tr\/product\/aniversario-no-1-2023-limited-edition\/\">s\u0131n\u0131rl\u0131 \u00fcretim puro<\/a> zanaatk\u00e2rl\u0131\u011f\u0131n ve detaylara g\u00f6sterilen \u00f6zenin zirvesini temsil eder.<\/p>\n<p data-start=\"2226\" data-end=\"2559\">K\u00fc\u00e7\u00fck miktarlarda titizlikle \u00fcretilmi\u015f olan bu <a href=\"https:\/\/luxurycigarsandaccessories.com\/tr\/product\/aniversario-no-1-2023-limited-edition\/\">l\u00fcks puro<\/a> uzman kar\u0131\u015f\u0131m ve kaliteli \u00fcretimi yans\u0131tarak, anma niteli\u011findeki stat\u00fcs\u00fcne lay\u0131k, rafine bir sigara deneyimi sunar. Bir <a href=\"https:\/\/luxurycigarsandaccessories.com\/tr\/product\/aniversario-no-1-2023-limited-edition\/\">prem el yap\u0131m\u0131 puro<\/a>, anlaml\u0131 anlarda tad\u0131n\u0131 \u00e7\u0131karmak veya \u00f6zenle se\u00e7ilmi\u015f bir humidorde de\u011ferli bir ek olarak saklamak \u00fczere tasarlanm\u0131\u015ft\u0131r.<\/p>\n<p data-start=\"2561\" data-end=\"2871\">Koleksiyoncular taraf\u0131ndan \u00e7ok aranan Aniversory No. 1 2023 S\u0131n\u0131rl\u0131 Bask\u0131, \u00f6ne \u00e7\u0131kan bir <a href=\"https:\/\/luxurycigarsandaccessories.com\/tr\/product\/aniversario-no-1-2023-limited-edition\/\">nadir puro yay\u0131n\u0131<\/a> \u00f6zelik, miras ve m\u00fckemmelli\u011fi somutla\u015ft\u0131ran. Sunumu ve i\u015f\u00e7ili\u011fi onu ola\u011fan\u00fcst\u00fc k\u0131lar <a href=\"https:\/\/luxurycigarsandaccessories.com\/tr\/product\/aniversario-no-1-2023-limited-edition\/\">koleksiyoncu purosu<\/a>, ayr\u0131cal\u0131k ve prestiji \u00f6nemseyen tutkunlar i\u00e7in ideal.<\/p>","protected":false},"excerpt":{"rendered":"<p>Y\u0131ld\u00f6n\u00fcm\u00fc No. 1 2023 S\u0131n\u0131rl\u0131 \u00dcretim koleksiyoncular ve ayr\u0131cal\u0131k, incelik ve y\u00fcksek kalite arayan merakl\u0131lar i\u00e7in \u00fcretilmi\u015f nadir bir l\u00fcks purodur<\/p>","protected":false},"featured_media":97,"comment_status":"open","ping_status":"closed","template":"","meta":[],"product_brand":[43],"product_cat":[42],"product_tag":[],"class_list":{"0":"post-92","1":"product","2":"type-product","3":"status-publish","4":"has-post-thumbnail","6":"product_brand-davidoff-limited-edition","7":"product_cat-davidoff-limited-edition","9":"first","10":"instock","11":"shipping-taxable","12":"purchasable","13":"product-type-variable"},"_links":{"self":[{"href":"https:\/\/luxurycigarsandaccessories.com\/tr\/wp-json\/wp\/v2\/product\/92","targetHints":{"allow":["GET"]}}],"collection":[{"href":"https:\/\/luxurycigarsandaccessories.com\/tr\/wp-json\/wp\/v2\/product"}],"about":[{"href":"https:\/\/luxurycigarsandaccessories.com\/tr\/wp-json\/wp\/v2\/types\/product"}],"replies":[{"embeddable":true,"href":"https:\/\/luxurycigarsandaccessories.com\/tr\/wp-json\/wp\/v2\/comments?post=92"}],"version-history":[{"count":3,"href":"https:\/\/luxurycigarsandaccessories.com\/tr\/wp-json\/wp\/v2\/product\/92\/revisions"}],"predecessor-version":[{"id":3246,"href":"https:\/\/luxurycigarsandaccessories.com\/tr\/wp-json\/wp\/v2\/product\/92\/revisions\/3246"}],"wp:featuredmedia":[{"embeddable":true,"href":"https:\/\/luxurycigarsandaccessories.com\/tr\/wp-json\/wp\/v2\/media\/97"}],"wp:attachment":[{"href":"https:\/\/luxurycigarsandaccessories.com\/tr\/wp-json\/wp\/v2\/media?parent=92"}],"wp:term":[{"taxonomy":"product_brand","embeddable":true,"href":"https:\/\/luxurycigarsandaccessories.com\/tr\/wp-json\/wp\/v2\/product_brand?post=92"},{"taxonomy":"product_cat","embeddable":true,"href":"https:\/\/luxurycigarsandaccessories.com\/tr\/wp-json\/wp\/v2\/product_cat?post=92"},{"taxonomy":"product_tag","embeddable":true,"href":"https:\/\/luxurycigarsandaccessories.com\/tr\/wp-json\/wp\/v2\/product_tag?post=92"}],"curies":[{"name":"wp","href":"https:\/\/api.w.org\/{rel}","templated":true}]}}