{"id":98,"date":"2025-11-29T02:07:42","date_gmt":"2025-11-29T02:07:42","guid":{"rendered":"https:\/\/luxurycigarsandaccessories.com\/?post_type=product&#038;p=98"},"modified":"2026-01-30T10:00:22","modified_gmt":"2026-01-30T10:00:22","slug":"grand-cru-diademas-finas-20","status":"publish","type":"product","link":"https:\/\/luxurycigarsandaccessories.com\/tr\/product\/grand-cru-diademas-finas-20\/","title":{"rendered":"Grand Cru \u0130nce Elmaslar 2026 LE"},"content":{"rendered":"<p data-start=\"1776\" data-end=\"2089\">The <a href=\"https:\/\/luxurycigarsandaccessories.com\/tr\/product\/grand-cru-diademas-finas-2024-le\/\">Grand Cru \u0130nce Elmaslar 2026 LE<\/a> se\u00e7kin, s\u0131n\u0131rl\u0131 say\u0131daki bir s\u00fcr\u00fcm olup, zarafeti, dengeyi ve figurado ustal\u0131\u011f\u0131 sanat\u0131n\u0131 kutlar. Se\u00e7ici merakl\u0131lar i\u00e7in tasarlanm\u0131\u015ft\u0131r. <a href=\"https:\/\/luxurycigarsandaccessories.com\/tr\/product\/grand-cru-diademas-finas-2024-le\/\">l\u00fcks Grand Cru puro<\/a> 2026 y\u0131l\u0131na \u00f6zel bir sunumda incelikli harmanlama ve zamans\u0131z zarafeti somutla\u015ft\u0131r\u0131yor.<\/p>\n<p data-start=\"2091\" data-end=\"2389\">\u00d6zenle se\u00e7ilmi\u015f t\u00fct\u00fcnler kullan\u0131larak ustal\u0131kla el yap\u0131m\u0131 olan<a href=\"https:\/\/luxurycigarsandaccessories.com\/tr\/product\/grand-cru-diademas-finas-2024-le\/\"> Premium Grand Cru \u0130nce Sa\u00e7 Bantlar\u0131<\/a> p\u00fcr\u00fczs\u00fcz ve geli\u015fen bir i\u00e7im deneyimi sunar. Zarif figurado \u015fekli, kar\u0131\u015f\u0131m\u0131n yava\u015f yava\u015f geli\u015fmesine olanak tan\u0131r, duman boyunca rafine bir karma\u015f\u0131kl\u0131k, uyum ve ola\u011fan\u00fcst\u00fc denge ortaya \u00e7\u0131kar\u0131r.<\/p>\n<p data-start=\"2391\" data-end=\"2700\">Bu <a href=\"https:\/\/luxurycigarsandaccessories.com\/tr\/product\/grand-cru-diademas-finas-2024-le\/\">s\u0131n\u0131rl\u0131 say\u0131da l\u00fcks puro<\/a> kusursuz yap\u0131y\u0131 sergiler, karma\u015f\u0131k yap\u0131s\u0131na ra\u011fmen e\u015fit yanma ve rafine bir \u00e7eki\u015f sa\u011flar. \u00d6zel ve sofistike karakteri, \u00f6zel g\u00fcnler, d\u00fc\u015f\u00fcnceli anlar veya se\u00e7kin bir premium puro koleksiyonuna dahil etmek i\u00e7in m\u00fckemmel bir tercih yapar.<\/p>\n<p data-start=\"2702\" data-end=\"2948\">\u0130ster kutlama i\u00e7in bir merkez par\u00e7a olarak keyfi \u00e7\u0131kar\u0131ls\u0131n ister bir koleksiyon par\u00e7as\u0131 olarak saklans\u0131n, <a href=\"https:\/\/luxurycigarsandaccessories.com\/tr\/product\/grand-cru-diademas-finas-2024-le\/\">Grand Cru \u0130nce Elmaslar 2026 LE<\/a> m\u00fctevazi l\u00fcks\u00fc, gelene\u011fi ve titiz i\u015f\u00e7ili\u011fi temsil eder, rafine puro sanat\u0131n\u0131n ola\u011fan\u00fcst\u00fc bir ifadesidir.<\/p>","protected":false},"excerpt":{"rendered":"<p data-start=\"1235\" data-end=\"1380\">Grand Cru Diademas Finas 2024 LE, zarif bir denge ve sofistike bir figurado i\u00e7im deneyimi sunan, s\u0131n\u0131rl\u0131 say\u0131da \u00fcretilmi\u015f rafine bir purodur.<\/p>","protected":false},"featured_media":102,"comment_status":"open","ping_status":"closed","template":"","meta":[],"product_brand":[43,35],"product_cat":[42,34],"product_tag":[],"class_list":{"0":"post-98","1":"product","2":"type-product","3":"status-publish","4":"has-post-thumbnail","6":"product_brand-davidoff-limited-edition","7":"product_brand-grand-cru","8":"product_cat-davidoff-limited-edition","9":"product_cat-grand-cru","11":"first","12":"instock","13":"shipping-taxable","14":"purchasable","15":"product-type-variable"},"_links":{"self":[{"href":"https:\/\/luxurycigarsandaccessories.com\/tr\/wp-json\/wp\/v2\/product\/98","targetHints":{"allow":["GET"]}}],"collection":[{"href":"https:\/\/luxurycigarsandaccessories.com\/tr\/wp-json\/wp\/v2\/product"}],"about":[{"href":"https:\/\/luxurycigarsandaccessories.com\/tr\/wp-json\/wp\/v2\/types\/product"}],"replies":[{"embeddable":true,"href":"https:\/\/luxurycigarsandaccessories.com\/tr\/wp-json\/wp\/v2\/comments?post=98"}],"version-history":[{"count":3,"href":"https:\/\/luxurycigarsandaccessories.com\/tr\/wp-json\/wp\/v2\/product\/98\/revisions"}],"predecessor-version":[{"id":3357,"href":"https:\/\/luxurycigarsandaccessories.com\/tr\/wp-json\/wp\/v2\/product\/98\/revisions\/3357"}],"wp:featuredmedia":[{"embeddable":true,"href":"https:\/\/luxurycigarsandaccessories.com\/tr\/wp-json\/wp\/v2\/media\/102"}],"wp:attachment":[{"href":"https:\/\/luxurycigarsandaccessories.com\/tr\/wp-json\/wp\/v2\/media?parent=98"}],"wp:term":[{"taxonomy":"product_brand","embeddable":true,"href":"https:\/\/luxurycigarsandaccessories.com\/tr\/wp-json\/wp\/v2\/product_brand?post=98"},{"taxonomy":"product_cat","embeddable":true,"href":"https:\/\/luxurycigarsandaccessories.com\/tr\/wp-json\/wp\/v2\/product_cat?post=98"},{"taxonomy":"product_tag","embeddable":true,"href":"https:\/\/luxurycigarsandaccessories.com\/tr\/wp-json\/wp\/v2\/product_tag?post=98"}],"curies":[{"name":"wp","href":"https:\/\/api.w.org\/{rel}","templated":true}]}}