{"id":201,"date":"2025-11-29T02:57:29","date_gmt":"2025-11-29T02:57:29","guid":{"rendered":"https:\/\/luxurycigarsandaccessories.com\/?post_type=product&#038;p=201"},"modified":"2026-01-30T00:30:55","modified_gmt":"2026-01-30T00:30:55","slug":"davidoff-year-of-the-horse","status":"publish","type":"product","link":"https:\/\/luxurycigarsandaccessories.com\/vi\/product\/davidoff-year-of-the-horse\/","title":{"rendered":"Davidoff N\u0103m Con Ng\u1ef1a \u2013 2026"},"content":{"rendered":"<p data-start=\"1737\" data-end=\"2055\">C\u00e1i <a href=\"https:\/\/luxurycigarsandaccessories.com\/vi\/product\/davidoff-year-of-the-horse-2026\/\">Davidoff N\u0103m Con Ng\u1ef1a 2026<\/a> l\u00e0 m\u1ed9t phi\u00ean b\u1ea3n gi\u1edbi h\u1ea1n \u0111\u1eb7c bi\u1ec7t \u0111\u01b0\u1ee3c t\u1ea1o ra \u0111\u1ec3 t\u00f4n vinh T\u1ebft Nguy\u00ean \u0110\u00e1n v\u00e0 bi\u1ec3u t\u01b0\u1ee3ng m\u1ea1nh m\u1ebd c\u1ee7a Con Ng\u1ef1a, \u0111\u1ea1i di\u1ec7n cho s\u1ee9c m\u1ea1nh, s\u1ef1 \u0111\u1ed9c l\u1eadp v\u00e0 ti\u1ebfn b\u01b0\u1edbc. X\u00ec g\u00e0 \u0111\u1ed9c quy\u1ec1n n\u00e0y ph\u1ea3n \u00e1nh s\u1ef1 t\u1eadn t\u00e2m c\u1ee7a Davidoff \u0111\u1ed1i v\u1edbi tay ngh\u1ec1 tinh x\u1ea3o v\u00e0 thi\u1ebft k\u1ebf mang t\u00ednh l\u1ec5 h\u1ed9i.<\/p>\n<p data-start=\"2057\" data-end=\"2397\">\u0110\u01b0\u1ee3c s\u1ea3n xu\u1ea5t m\u1ed9t c\u00e1ch t\u1ec9 m\u1ec9, c\u00e1i n\u00e0y <a href=\"https:\/\/luxurycigarsandaccessories.com\/vi\/product\/davidoff-year-of-the-horse-2026\/\">Cerutu edisi terbatas Davidoff<\/a> embodies balance, precision, and elegance. Every element from construction to presentation demonstrates the brands commitment to excellence and artistry. Designed for moments of celebration, it delivers a composed and memorable smoking experience worthy of its special status.<\/p>\n<p data-start=\"2399\" data-end=\"2681\">As a <a href=\"https:\/\/luxurycigarsandaccessories.com\/vi\/product\/davidoff-year-of-the-horse-2026\/\">Lunar New Year cigar<\/a>, the Year of the Horse 2026 carries strong collector appeal, making it a prized addition to curated <a href=\"https:\/\/luxurycigarsandaccessories.com\/vi\/product\/davidoff-year-of-the-horse-2026\/\">b\u1ed9 s\u01b0u t\u1eadp x\u00ec g\u00e0<\/a>. Its limited availability enhances its exclusivity, appealing to both seasoned aficionados and collectors seeking meaningful releases.<\/p>\n<p data-start=\"2683\" data-end=\"2875\">The Davidoff Year of the Horse 2026 stands as a tribute to tradition and innovation, offering a luxurious cigar experience that blends cultural symbolism with timeless Davidoff refinement.<\/p>","protected":false},"excerpt":{"rendered":"<p>X\u00ec g\u00e0 Davidoff N\u0103m Con Ng\u1ef1a 2026 l\u00e0 phi\u00ean b\u1ea3n gi\u1edbi h\u1ea1n sang tr\u1ecdng \u0111\u01b0\u1ee3c ch\u1ebf t\u00e1c \u0111\u1ec3 t\u00f4n vinh T\u1ebft \u00c2m L\u1ecbch v\u1edbi s\u1ef1 tinh t\u1ebf, c\u00e2n b\u1eb1ng v\u00e0 gi\u00e1 tr\u1ecb s\u01b0u t\u1ea7m.<\/p>","protected":false},"featured_media":200,"comment_status":"open","ping_status":"closed","template":"","meta":[],"product_brand":[43],"product_cat":[42],"product_tag":[],"class_list":{"0":"post-201","1":"product","2":"type-product","3":"status-publish","4":"has-post-thumbnail","6":"product_brand-davidoff-limited-edition","7":"product_cat-davidoff-limited-edition","9":"first","10":"instock","11":"shipping-taxable","12":"purchasable","13":"product-type-variable"},"_links":{"self":[{"href":"https:\/\/luxurycigarsandaccessories.com\/vi\/wp-json\/wp\/v2\/product\/201","targetHints":{"allow":["GET"]}}],"collection":[{"href":"https:\/\/luxurycigarsandaccessories.com\/vi\/wp-json\/wp\/v2\/product"}],"about":[{"href":"https:\/\/luxurycigarsandaccessories.com\/vi\/wp-json\/wp\/v2\/types\/product"}],"replies":[{"embeddable":true,"href":"https:\/\/luxurycigarsandaccessories.com\/vi\/wp-json\/wp\/v2\/comments?post=201"}],"version-history":[{"count":3,"href":"https:\/\/luxurycigarsandaccessories.com\/vi\/wp-json\/wp\/v2\/product\/201\/revisions"}],"predecessor-version":[{"id":3311,"href":"https:\/\/luxurycigarsandaccessories.com\/vi\/wp-json\/wp\/v2\/product\/201\/revisions\/3311"}],"wp:featuredmedia":[{"embeddable":true,"href":"https:\/\/luxurycigarsandaccessories.com\/vi\/wp-json\/wp\/v2\/media\/200"}],"wp:attachment":[{"href":"https:\/\/luxurycigarsandaccessories.com\/vi\/wp-json\/wp\/v2\/media?parent=201"}],"wp:term":[{"taxonomy":"product_brand","embeddable":true,"href":"https:\/\/luxurycigarsandaccessories.com\/vi\/wp-json\/wp\/v2\/product_brand?post=201"},{"taxonomy":"product_cat","embeddable":true,"href":"https:\/\/luxurycigarsandaccessories.com\/vi\/wp-json\/wp\/v2\/product_cat?post=201"},{"taxonomy":"product_tag","embeddable":true,"href":"https:\/\/luxurycigarsandaccessories.com\/vi\/wp-json\/wp\/v2\/product_tag?post=201"}],"curies":[{"name":"wp","href":"https:\/\/api.w.org\/{rel}","templated":true}]}}