{"id":362,"date":"2025-12-01T12:07:25","date_gmt":"2025-12-01T12:07:25","guid":{"rendered":"https:\/\/luxurycigarsandaccessories.com\/?post_type=product&#038;p=362"},"modified":"2026-04-06T22:35:20","modified_gmt":"2026-04-06T22:35:20","slug":"davidoff-demi-tasse","status":"publish","type":"product","link":"https:\/\/luxurycigarsandaccessories.com\/vi\/product\/davidoff-demi-tasse\/","title":{"rendered":"C\u00fap n\u1eeda Davidoff"},"content":{"rendered":"<p data-start=\"1285\" data-end=\"1643\">C\u00e1i <a href=\"https:\/\/luxurycigarsandaccessories.com\/vi\/product\/davidoff-demi-tasse\/\">X\u00ec g\u00e0 Davidoff Half cup cao c\u1ea5p l\u00e0m th\u1ee7 c\u00f4ng<\/a> l\u00e0 m\u1ed9t \u0111i\u1ebfu x\u00ec g\u00e0 nh\u1ecf \u0111\u01b0\u1ee3c ch\u1ebf t\u00e1c tinh x\u1ea3o d\u00e0nh cho nh\u1eefng ng\u01b0\u1eddi s\u00e0nh s\u1ecfi, nh\u1eefng ng\u01b0\u1eddi t\u00ecm ki\u1ebfm h\u01b0\u01a1ng v\u1ecb tinh t\u1ebf v\u00e0 sang tr\u1ecdng trong m\u1ed9t \u0111\u1ecbnh d\u1ea1ng nh\u1ecf g\u1ecdn. \u0110\u01b0\u1ee3c l\u00e0m th\u1ee7 c\u00f4ng m\u1ed9t c\u00e1ch chuy\u00ean nghi\u1ec7p s\u1eed d\u1ee5ng thu\u1ed1c l\u00e1 l\u00e2u n\u0103m c\u1ea9n th\u1eadn ch\u1ecdn l\u1ecdc v\u00e0 ho\u00e0n thi\u1ec7n v\u1edbi l\u1edbp v\u1ecf Ecuador m\u01b0\u1ee3t m\u00e0, Demi-Tasse mang l\u1ea1i tr\u1ea3i nghi\u1ec7m h\u00fat m\u01b0\u1ee3t m\u00e0, kem v\u00e0 c\u00e2n b\u1eb1ng.<\/p>\n<p data-start=\"1645\" data-end=\"1983\">From the first draw, the <a href=\"https:\/\/luxurycigarsandaccessories.com\/vi\/product\/davidoff-demi-tasse\/\">C\u00fap n\u1eeda Davidoff<\/a> reveals delicate notes of cedar, toasted nuts, and light cream, accented by subtle white pepper and gentle natural sweetness. Its mild strength and precise construction make this mini cigar ideal for short, luxurious moments of indulgence without compromising on flavour or satisfaction.<\/p>\n<p data-start=\"1985\" data-end=\"2253\">\u0110\u01b0\u1ee3c cu\u1ed1n m\u1ed9t c\u00e1ch kh\u00e9o l\u00e9o \u0111\u1ec3 \u0111\u1ea3m b\u1ea3o ch\u00e1y \u0111\u1ec1u v\u00e0 h\u00fat d\u1ec5 d\u00e0ng, chi\u1ebfc <a href=\"https:\/\/luxurycigarsandaccessories.com\/vi\/product\/davidoff-demi-tasse\/\">X\u00ec g\u00e0 cao c\u1ea5p n\u1eeda \u0111i\u1ebfu<\/a> ho\u00e0n h\u1ea3o cho nh\u1eefng gi\u00e2y ph\u00fat ngh\u1ec9 u\u1ed1ng espresso, th\u01b0\u1edfng th\u1ee9c bu\u1ed5i chi\u1ec1u th\u01b0 gi\u00e3n ho\u1eb7c nh\u01b0 m\u1ed9t ph\u1ee5 ki\u1ec7n tinh t\u1ebf \u0111i k\u00e8m v\u1edbi \u0111\u1ed3 u\u1ed1ng th\u01b0\u1ee3ng h\u1ea1ng. K\u00edch th\u01b0\u1edbc nh\u1ecf g\u1ecdn v\u00e0 c\u00e1ch tr\u00ecnh b\u00e0y tinh t\u1ebf c\u1ee7a n\u00f3 l\u00e0m cho n\u00f3 tr\u1edf th\u00e0nh m\u00f3n qu\u00e0 l\u00fd t\u01b0\u1edfng ho\u1eb7c b\u1ea1n \u0111\u1ed3ng h\u00e0nh khi \u0111i du l\u1ecbch.<\/p>\n<p data-start=\"2255\" data-end=\"2471\">C\u00e1i <a href=\"https:\/\/luxurycigarsandaccessories.com\/vi\/product\/davidoff-demi-tasse\/\">Davidoff N\u1eeda T\u00e1ch X\u00ec g\u00e0 mini cao c\u1ea5p<\/a> \u0111\u1ea1i di\u1ec7n cho s\u1ef1 ch\u1ebf t\u00e1c tinh x\u1ea3o, sang tr\u1ecdng tinh t\u1ebf v\u00e0 m\u1ed9t \u0111i\u1ebfu thu\u1ed1c c\u00e2n b\u1eb1ng ho\u00e0n h\u1ea3o cho nh\u1eefng kho\u1ea3nh kh\u1eafc t\u1eadn h\u01b0\u1edfng thu\u1ea7n khi\u1ebft.<\/p>","protected":false},"excerpt":{"rendered":"<p data-start=\"2509\" data-end=\"2639\">M\u1ed9t \u0111i\u1ebfu x\u00ec g\u00e0 mini th\u1ee7 c\u00f4ng cao c\u1ea5p mang \u0111\u1ebfn h\u01b0\u01a1ng g\u1ed7 tuy\u1ebft t\u00f9ng kem, h\u1ea1t rang, gia v\u1ecb nh\u1eb9 v\u00e0 v\u1ecb ng\u1ecdt tinh t\u1ebf trong m\u1ed9t \u0111\u1ecbnh d\u1ea1ng nh\u1ecf g\u1ecdn tinh t\u1ebf.<\/p>","protected":false},"featured_media":366,"comment_status":"open","ping_status":"closed","template":"","meta":[],"product_brand":[29],"product_cat":[28],"product_tag":[],"class_list":{"0":"post-362","1":"product","2":"type-product","3":"status-publish","4":"has-post-thumbnail","6":"product_brand-nicaragua","7":"product_cat-nicaragua","9":"first","10":"instock","11":"shipping-taxable","12":"purchasable","13":"product-type-variable"},"_links":{"self":[{"href":"https:\/\/luxurycigarsandaccessories.com\/vi\/wp-json\/wp\/v2\/product\/362","targetHints":{"allow":["GET"]}}],"collection":[{"href":"https:\/\/luxurycigarsandaccessories.com\/vi\/wp-json\/wp\/v2\/product"}],"about":[{"href":"https:\/\/luxurycigarsandaccessories.com\/vi\/wp-json\/wp\/v2\/types\/product"}],"replies":[{"embeddable":true,"href":"https:\/\/luxurycigarsandaccessories.com\/vi\/wp-json\/wp\/v2\/comments?post=362"}],"version-history":[{"count":2,"href":"https:\/\/luxurycigarsandaccessories.com\/vi\/wp-json\/wp\/v2\/product\/362\/revisions"}],"predecessor-version":[{"id":3577,"href":"https:\/\/luxurycigarsandaccessories.com\/vi\/wp-json\/wp\/v2\/product\/362\/revisions\/3577"}],"wp:featuredmedia":[{"embeddable":true,"href":"https:\/\/luxurycigarsandaccessories.com\/vi\/wp-json\/wp\/v2\/media\/366"}],"wp:attachment":[{"href":"https:\/\/luxurycigarsandaccessories.com\/vi\/wp-json\/wp\/v2\/media?parent=362"}],"wp:term":[{"taxonomy":"product_brand","embeddable":true,"href":"https:\/\/luxurycigarsandaccessories.com\/vi\/wp-json\/wp\/v2\/product_brand?post=362"},{"taxonomy":"product_cat","embeddable":true,"href":"https:\/\/luxurycigarsandaccessories.com\/vi\/wp-json\/wp\/v2\/product_cat?post=362"},{"taxonomy":"product_tag","embeddable":true,"href":"https:\/\/luxurycigarsandaccessories.com\/vi\/wp-json\/wp\/v2\/product_tag?post=362"}],"curies":[{"name":"wp","href":"https:\/\/api.w.org\/{rel}","templated":true}]}}